{"id":4034,"date":"2013-04-16T21:32:38","date_gmt":"2013-04-16T21:32:38","guid":{"rendered":"https:\/\/www.tpvbeach.com\/contact-us\/"},"modified":"2025-07-01T08:35:59","modified_gmt":"2025-07-01T06:35:59","slug":"contact-us","status":"publish","type":"page","link":"https:\/\/www.tpvbeach.com\/en\/contact-us\/","title":{"rendered":"Contact us"},"content":{"rendered":"\t\t<div data-elementor-type=\"wp-page\" data-elementor-id=\"4034\" class=\"elementor elementor-4034 elementor-54\" data-elementor-post-type=\"page\">\n\t\t\t\t<div class=\"elementor-element elementor-element-2a48ad9e e-flex e-con-boxed e-con e-parent\" data-id=\"2a48ad9e\" data-element_type=\"container\" data-e-type=\"container\">\n\t\t\t\t\t<div class=\"e-con-inner\">\n\t\t\t\t<div class=\"elementor-element elementor-element-92cddbe elementor-widget elementor-widget-heading\" data-id=\"92cddbe\" data-element_type=\"widget\" data-e-type=\"widget\" data-widget_type=\"heading.default\">\n\t\t\t\t<div class=\"elementor-widget-container\">\n\t\t\t\t\t<h1 class=\"elementor-heading-title elementor-size-default\">Contact us<\/h1>\t\t\t\t<\/div>\n\t\t\t\t<\/div>\n\t\t\t\t<div class=\"elementor-element elementor-element-5b70b449 elementor-widget elementor-widget-text-editor\" data-id=\"5b70b449\" data-element_type=\"widget\" data-e-type=\"widget\" data-widget_type=\"text-editor.default\">\n\t\t\t\t<div class=\"elementor-widget-container\">\n\t\t\t\t\t\t\t\t\t<p><span style=\"font-size: 14px; color: var( --e-global-color-text ); text-align: var(--text-align);\"> <\/span><span style=\"color: var( --e-global-color-text ); font-size: 14px; text-align: var(--text-align); text-transform: uppercase;\">For any questions or demonstration of our product, please contact us via phone, e-mail or the contact form on this page.<\/span><\/p><div class=\"texto\"><div class=\"phoneandmail\"><div class=\"phone\"><p style=\"color: gray;\"><span class=\"label\"><span class=\"label\"> <\/span><\/span><br>Phone: <span class=\"cnt\">96 379 10 30<\/span><\/p><\/div><div class=\"email\"><p><span class=\"label\"> <\/span><\/p><p style=\"color: gray;\">E-mail: <a href=\"mailto:comercial@gsoft.es\" data-prosemirror-content-type=\"mark\" data-prosemirror-mark-name=\"link\">comercial@gsoft.es<\/a><\/p><\/div><\/div><\/div><p>\n<div class=\"wpcf7 no-js\" id=\"wpcf7-f4096-o1\" lang=\"en-US\" dir=\"ltr\" data-wpcf7-id=\"4096\">\n<div class=\"screen-reader-response\"><p role=\"status\" aria-live=\"polite\" aria-atomic=\"true\"><\/p> <ul><\/ul><\/div>\n<form action=\"\/en\/wp-json\/wp\/v2\/pages\/4034#wpcf7-f4096-o1\" method=\"post\" class=\"wpcf7-form init\" aria-label=\"Contact form\" novalidate=\"novalidate\" data-status=\"init\">\n<fieldset class=\"hidden-fields-container\"><input type=\"hidden\" name=\"_wpcf7\" value=\"4096\" \/><input type=\"hidden\" name=\"_wpcf7_version\" value=\"6.1.4\" \/><input type=\"hidden\" name=\"_wpcf7_locale\" value=\"en_US\" \/><input type=\"hidden\" name=\"_wpcf7_unit_tag\" value=\"wpcf7-f4096-o1\" \/><input type=\"hidden\" name=\"_wpcf7_container_post\" value=\"0\" \/><input type=\"hidden\" name=\"_wpcf7_posted_data_hash\" value=\"\" \/><input type=\"hidden\" name=\"_wpcf7_recaptcha_response\" value=\"\" \/>\n<\/fieldset>\n<p><span class=\"wpcf7-form-control-wrap\" data-name=\"your-name\"><input size=\"40\" maxlength=\"400\" class=\"wpcf7-form-control wpcf7-text wpcf7-validates-as-required\" aria-required=\"true\" aria-invalid=\"false\" placeholder=\"Your name\" value=\"\" type=\"text\" name=\"your-name\" \/><\/span><br \/>\n<span class=\"wpcf7-form-control-wrap\" data-name=\"your-email\"><input size=\"40\" maxlength=\"400\" class=\"wpcf7-form-control wpcf7-email wpcf7-validates-as-required wpcf7-text wpcf7-validates-as-email\" aria-required=\"true\" aria-invalid=\"false\" placeholder=\"Your Email\" value=\"\" type=\"email\" name=\"your-email\" \/><\/span><br \/>\n<span class=\"wpcf7-form-control-wrap\" data-name=\"telefono\"><input size=\"40\" maxlength=\"400\" class=\"wpcf7-form-control wpcf7-text\" aria-invalid=\"false\" placeholder=\"Phone\" value=\"\" type=\"text\" name=\"telefono\" \/><\/span><br \/>\n<span class=\"wpcf7-form-control-wrap\" data-name=\"your-subject\"><input size=\"40\" maxlength=\"400\" class=\"wpcf7-form-control wpcf7-text\" aria-invalid=\"false\" placeholder=\"Subject\" value=\"\" type=\"text\" name=\"your-subject\" \/><\/span><br \/>\n<span class=\"wpcf7-form-control-wrap\" data-name=\"your-message\"><textarea cols=\"40\" rows=\"10\" maxlength=\"2000\" class=\"wpcf7-form-control wpcf7-textarea\" aria-invalid=\"false\" placeholder=\"Message\" name=\"your-message\"><\/textarea><\/span><br \/>\n<label for=\"honeypot\" style=\"display:none;\">D\u00e9jalo vac\u00edo si eres humano<\/label><br \/>\n<input type=\"text\" name=\"honeypot\" id=\"honeypot\" value=\"\" style=\"display:none;\" \/>\n<\/p>\n<div class=\"column-full\">\n\t<p><span class=\"wpcf7-form-control-wrap\" data-name=\"acceptance-900\"><span class=\"wpcf7-form-control wpcf7-acceptance\"><span class=\"wpcf7-list-item\"><label><input type=\"checkbox\" name=\"acceptance-900\" value=\"1\" aria-invalid=\"false\" \/><span class=\"wpcf7-list-item-label\">Acepto facilitar mis datos con la finalidad de recibir respuesta a mi solicitud de informaci\u00f3n bajo la <a href=\"https:\/\/www.gsoft.es\/politica-de-privacidad\/\" target=\"_blank\" style=\"font-weight: 400;\">Pol\u00edtica de Privacidad<\/a> de la empresa.<\/span><\/label><\/span><\/span><\/span>\n\t<\/p>\n\t<div class=\"txt-xs\">\n\t\t<p><strong>TRATAMIENTO DE DATOS:<\/strong><br \/>\nDe acuerdo con la actual normativa en materia de protecci\u00f3n de datos, le detallamos la informaci\u00f3n b\u00e1sica acerca del tratamiento de los datos recogidos en este formulario, pudiendo consultar la informaci\u00f3n adicional en nuestra <a href=\"\/politica-de-privacidad\/\" target=\"_blank\">Pol\u00edtica de Privacidad<\/a>.<br \/>\nEl responsable del tratamiento de sus datos INNOVACIONES INFORM\u00c1TICAS GSOFT, SL., utilizar\u00e1 los mismos con la finalidad de atender y dar respuestas a sus peticiones o consultas, y mantener los contactos y relaciones que se produzcan como consecuencia de las mismas, as\u00ed mismo solicitamos su consentimiento para poder realizar comunicaciones publicitarias que consideremos puedan ser de su inter\u00e9s. No cedemos sus datos a terceros y ser\u00e1n conservados mientras se mantenga nuestra relaci\u00f3n comercial. Los derechos que asisten a los usuarios son acceso, rectificaci\u00f3n, supresi\u00f3n, portabilidad de los datos, limitaci\u00f3n y oposici\u00f3n al tratamiento, poniendo a disposici\u00f3n de los interesados medios sencillos, gratuitos y f\u00e1cilmente accesibles: correo electr\u00f3nico: <a href=\"mailto:comercial@gsoft.es\"> comercial@gsoft.es<\/a>, postal Calle Arquitecto Ribes, 8 46014 Valencia.\n\t\t<\/p>\n\t<\/div>\n<\/div>\n<p><input class=\"wpcf7-form-control wpcf7-submit has-spinner\" type=\"submit\" value=\"Send\" \/>\n<\/p><div class=\"wpcf7-response-output\" aria-hidden=\"true\"><\/div>\n<\/form>\n<\/div>\n<\/p>\t\t\t\t\t\t\t\t<\/div>\n\t\t\t\t<\/div>\n\t\t\t\t\t<\/div>\n\t\t\t\t<\/div>\n\t\t\t\t<\/div>\n\t\t","protected":false},"excerpt":{"rendered":"<p>Contact us For any questions or demonstration of our product, please contact us via phone, e-mail or the contact form on this page. Phone: 96 379 10 30 E-mail: comercial@gsoft.es<\/p>\n","protected":false},"author":1,"featured_media":0,"parent":0,"menu_order":0,"comment_status":"closed","ping_status":"closed","template":"","meta":{"ocean_post_layout":"","ocean_both_sidebars_style":"","ocean_both_sidebars_content_width":0,"ocean_both_sidebars_sidebars_width":0,"ocean_sidebar":"","ocean_second_sidebar":"","ocean_disable_margins":"enable","ocean_add_body_class":"","ocean_shortcode_before_top_bar":"","ocean_shortcode_after_top_bar":"","ocean_shortcode_before_header":"","ocean_shortcode_after_header":"","ocean_has_shortcode":"","ocean_shortcode_after_title":"","ocean_shortcode_before_footer_widgets":"","ocean_shortcode_after_footer_widgets":"","ocean_shortcode_before_footer_bottom":"","ocean_shortcode_after_footer_bottom":"","ocean_display_top_bar":"default","ocean_display_header":"default","ocean_header_style":"","ocean_center_header_left_menu":"","ocean_custom_header_template":"","ocean_custom_logo":0,"ocean_custom_retina_logo":0,"ocean_custom_logo_max_width":0,"ocean_custom_logo_tablet_max_width":0,"ocean_custom_logo_mobile_max_width":0,"ocean_custom_logo_max_height":0,"ocean_custom_logo_tablet_max_height":0,"ocean_custom_logo_mobile_max_height":0,"ocean_header_custom_menu":"","ocean_menu_typo_font_family":"","ocean_menu_typo_font_subset":"","ocean_menu_typo_font_size":0,"ocean_menu_typo_font_size_tablet":0,"ocean_menu_typo_font_size_mobile":0,"ocean_menu_typo_font_size_unit":"px","ocean_menu_typo_font_weight":"","ocean_menu_typo_font_weight_tablet":"","ocean_menu_typo_font_weight_mobile":"","ocean_menu_typo_transform":"","ocean_menu_typo_transform_tablet":"","ocean_menu_typo_transform_mobile":"","ocean_menu_typo_line_height":0,"ocean_menu_typo_line_height_tablet":0,"ocean_menu_typo_line_height_mobile":0,"ocean_menu_typo_line_height_unit":"","ocean_menu_typo_spacing":0,"ocean_menu_typo_spacing_tablet":0,"ocean_menu_typo_spacing_mobile":0,"ocean_menu_typo_spacing_unit":"","ocean_menu_link_color":"","ocean_menu_link_color_hover":"","ocean_menu_link_color_active":"","ocean_menu_link_background":"","ocean_menu_link_hover_background":"","ocean_menu_link_active_background":"","ocean_menu_social_links_bg":"","ocean_menu_social_hover_links_bg":"","ocean_menu_social_links_color":"","ocean_menu_social_hover_links_color":"","ocean_disable_title":"default","ocean_disable_heading":"default","ocean_post_title":"","ocean_post_subheading":"","ocean_post_title_style":"","ocean_post_title_background_color":"","ocean_post_title_background":0,"ocean_post_title_bg_image_position":"","ocean_post_title_bg_image_attachment":"","ocean_post_title_bg_image_repeat":"","ocean_post_title_bg_image_size":"","ocean_post_title_height":0,"ocean_post_title_bg_overlay":0.5,"ocean_post_title_bg_overlay_color":"","ocean_disable_breadcrumbs":"default","ocean_breadcrumbs_color":"","ocean_breadcrumbs_separator_color":"","ocean_breadcrumbs_links_color":"","ocean_breadcrumbs_links_hover_color":"","ocean_display_footer_widgets":"default","ocean_display_footer_bottom":"default","ocean_custom_footer_template":"","footnotes":""},"class_list":["post-4034","page","type-page","status-publish","hentry","entry"],"_links":{"self":[{"href":"https:\/\/www.tpvbeach.com\/en\/wp-json\/wp\/v2\/pages\/4034","targetHints":{"allow":["GET"]}}],"collection":[{"href":"https:\/\/www.tpvbeach.com\/en\/wp-json\/wp\/v2\/pages"}],"about":[{"href":"https:\/\/www.tpvbeach.com\/en\/wp-json\/wp\/v2\/types\/page"}],"author":[{"embeddable":true,"href":"https:\/\/www.tpvbeach.com\/en\/wp-json\/wp\/v2\/users\/1"}],"replies":[{"embeddable":true,"href":"https:\/\/www.tpvbeach.com\/en\/wp-json\/wp\/v2\/comments?post=4034"}],"version-history":[{"count":3,"href":"https:\/\/www.tpvbeach.com\/en\/wp-json\/wp\/v2\/pages\/4034\/revisions"}],"predecessor-version":[{"id":4275,"href":"https:\/\/www.tpvbeach.com\/en\/wp-json\/wp\/v2\/pages\/4034\/revisions\/4275"}],"wp:attachment":[{"href":"https:\/\/www.tpvbeach.com\/en\/wp-json\/wp\/v2\/media?parent=4034"}],"curies":[{"name":"wp","href":"https:\/\/api.w.org\/{rel}","templated":true}]}}