{"id":4031,"date":"2013-03-20T21:25:43","date_gmt":"2013-03-20T20:25:43","guid":{"rendered":"https:\/\/www.tpvbeach.com\/nosso-produto-a-melhor-solucao-para-a-gestao-de-suas-praias\/"},"modified":"2026-02-03T16:52:20","modified_gmt":"2026-02-03T15:52:20","slug":"nosso-produto-a-melhor-solucao-para-a-gestao-de-suas-praias","status":"publish","type":"page","link":"https:\/\/www.tpvbeach.com\/pt-pt\/nosso-produto-a-melhor-solucao-para-a-gestao-de-suas-praias\/","title":{"rendered":"O nosso produto. A melhor solu\u00e7\u00e3o para a gest\u00e3o de praias"},"content":{"rendered":"\t\t<div data-elementor-type=\"wp-page\" data-elementor-id=\"4031\" class=\"elementor elementor-4031 elementor-38\" data-elementor-post-type=\"page\">\n\t\t\t\t<div class=\"elementor-element elementor-element-54b999a5 e-flex e-con-boxed e-con e-parent\" data-id=\"54b999a5\" data-element_type=\"container\" data-e-type=\"container\">\n\t\t\t\t\t<div class=\"e-con-inner\">\n\t\t\t\t<div class=\"elementor-element elementor-element-f870006 elementor-widget elementor-widget-heading\" data-id=\"f870006\" data-element_type=\"widget\" data-e-type=\"widget\" data-widget_type=\"heading.default\">\n\t\t\t\t<div class=\"elementor-widget-container\">\n\t\t\t\t\t<h1 class=\"elementor-heading-title elementor-size-default\">O nosso produto. A melhor solu\u00e7\u00e3o para a gest\u00e3o de praias <\/h1>\t\t\t\t<\/div>\n\t\t\t\t<\/div>\n\t\t\t\t<div class=\"elementor-element elementor-element-73353dcf elementor-widget elementor-widget-text-editor\" data-id=\"73353dcf\" data-element_type=\"widget\" data-e-type=\"widget\" data-widget_type=\"text-editor.default\">\n\t\t\t\t<div class=\"elementor-widget-container\">\n\t\t\t\t\t\t\t\t\t<p>O nosso software de gest\u00e3o de praias consiste em duas aplica\u00e7\u00f5es distintas, adaptadas \u00e0 normativa fiscal em vigor e preparadas para o Verifactu:<\/p><ul><li>Uma aplica\u00e7\u00e3o m\u00f3vel para o trabalho na praia por colecionadores ou controladores dos seus produtos para aluguer ou venda (espregui\u00e7adeiras, guarda-s\u00f3is, p\u00e9rgulas, artigos n\u00e1uticos, etc.).<\/li><li>Mais uma aplica\u00e7\u00e3o desktop para os respons\u00e1veis \u200b\u200bpela gest\u00e3o. A partir desta, \u00e9 poss\u00edvel gerir todo o neg\u00f3cio, bem como controlar os diferentes dispositivos m\u00f3veis e administrar a fatura\u00e7\u00e3o de forma segura e em conformidade com o Verifactu. <\/li><\/ul>\t\t\t\t\t\t\t\t<\/div>\n\t\t\t\t<\/div>\n\t\t\t\t\t<\/div>\n\t\t\t\t<\/div>\n\t\t<div class=\"elementor-element elementor-element-a1789ca e-flex e-con-boxed e-con e-parent\" data-id=\"a1789ca\" data-element_type=\"container\" data-e-type=\"container\">\n\t\t\t\t\t<div class=\"e-con-inner\">\n\t\t<div class=\"elementor-element elementor-element-2239a1f e-con-full e-flex e-con e-child\" data-id=\"2239a1f\" data-element_type=\"container\" data-e-type=\"container\">\n\t\t\t\t<div class=\"elementor-element elementor-element-0b251e8 elementor-widget elementor-widget-heading\" data-id=\"0b251e8\" data-element_type=\"widget\" data-e-type=\"widget\" data-widget_type=\"heading.default\">\n\t\t\t\t<div class=\"elementor-widget-container\">\n\t\t\t\t\t<h3 class=\"elementor-heading-title elementor-size-default\">Gest\u00e3o de praias atrav\u00e9s da aplica\u00e7\u00e3o m\u00f3vel<\/h3>\t\t\t\t<\/div>\n\t\t\t\t<\/div>\n\t\t\t\t<div class=\"elementor-element elementor-element-1d8259f elementor-widget elementor-widget-text-editor\" data-id=\"1d8259f\" data-element_type=\"widget\" data-e-type=\"widget\" data-widget_type=\"text-editor.default\">\n\t\t\t\t<div class=\"elementor-widget-container\">\n\t\t\t\t\t\t\t\t\t<p>Utilizando um sistema de localiza\u00e7\u00e3o por setores e objetos alug\u00e1veis por setor, poder\u00e1 organizar a sua praia de forma l\u00f3gica e controlar os seus recursos em todos os momentos.<\/p><p style=\"text-align: justify;\">Cada cobrador ter\u00e1 atribu\u00eddo um grupo de setores espec\u00edficos onde poder\u00e1 alugar e vender todo o tipo de artigos em cada um deles. Atrav\u00e9s de uma impressora port\u00e1til, imprime-se um comprovativo ou bilhete para o cliente no momento em que realiza um aluguer ou compra, garantindo assim uma gest\u00e3o transparente e adaptada aos requisitos do Verifactu. Desta forma, o cliente tem uma prova do seu aluguer e os gestores da praia podem verificar a qualquer momento o estado da praia.  <\/p>\t\t\t\t\t\t\t\t<\/div>\n\t\t\t\t<\/div>\n\t\t\t\t<\/div>\n\t\t<div class=\"elementor-element elementor-element-518a35a e-con-full e-flex e-con e-child\" data-id=\"518a35a\" data-element_type=\"container\" data-e-type=\"container\">\n\t\t\t\t<div class=\"elementor-element elementor-element-c0a8cb8 elementor-widget elementor-widget-image\" data-id=\"c0a8cb8\" data-element_type=\"widget\" data-e-type=\"widget\" data-widget_type=\"image.default\">\n\t\t\t\t<div class=\"elementor-widget-container\">\n\t\t\t\t\t\t\t\t\t\t\t\t\t\t\t<img fetchpriority=\"high\" decoding=\"async\" width=\"457\" height=\"191\" src=\"https:\/\/www.tpvbeach.com\/wp-content\/uploads\/2025\/03\/playa-y-pantalla-tpvbeach.jpg\" class=\"attachment-large size-large wp-image-4020\" alt=\"\" srcset=\"https:\/\/www.tpvbeach.com\/wp-content\/uploads\/2025\/03\/playa-y-pantalla-tpvbeach.jpg 457w, https:\/\/www.tpvbeach.com\/wp-content\/uploads\/2025\/03\/playa-y-pantalla-tpvbeach-150x63.jpg 150w\" sizes=\"(max-width: 457px) 100vw, 457px\" \/>\t\t\t\t\t\t\t\t\t\t\t\t\t\t\t<\/div>\n\t\t\t\t<\/div>\n\t\t\t\t<div class=\"elementor-element elementor-element-9873fc6 elementor-widget elementor-widget-text-editor\" data-id=\"9873fc6\" data-element_type=\"widget\" data-e-type=\"widget\" data-widget_type=\"text-editor.default\">\n\t\t\t\t<div class=\"elementor-widget-container\">\n\t\t\t\t\t\t\t\t\t<p><span style=\"font-size: 14px; color: var( --e-global-color-text ); text-align: var(--text-align);\">A aplica\u00e7\u00e3o funciona em modo offline e utiliza a liga\u00e7\u00e3o 3G, 2G ou Wi-Fi para enviar a informa\u00e7\u00e3o necess\u00e1ria. Ou seja, o operador pode trabalhar mesmo sem cobertura de internet e, no momento em que o dispositivo encontrar liga\u00e7\u00e3o, enviar\u00e1 os dados acumulados at\u00e9 ent\u00e3o.<\/span><\/p>\t\t\t\t\t\t\t\t<\/div>\n\t\t\t\t<\/div>\n\t\t\t\t<\/div>\n\t\t\t\t\t<\/div>\n\t\t\t\t<\/div>\n\t\t<div class=\"elementor-element elementor-element-574fbc6 e-flex e-con-boxed e-con e-parent\" data-id=\"574fbc6\" data-element_type=\"container\" data-e-type=\"container\">\n\t\t\t\t\t<div class=\"e-con-inner\">\n\t\t\t\t<div class=\"elementor-element elementor-element-e6ddeb0 elementor-widget elementor-widget-heading\" data-id=\"e6ddeb0\" data-element_type=\"widget\" data-e-type=\"widget\" data-widget_type=\"heading.default\">\n\t\t\t\t<div class=\"elementor-widget-container\">\n\t\t\t\t\t<h3 class=\"elementor-heading-title elementor-size-default\">A aplica\u00e7\u00e3o local de gest\u00e3o de praias<\/h3>\t\t\t\t<\/div>\n\t\t\t\t<\/div>\n\t\t\t\t<div class=\"elementor-element elementor-element-bceb006 elementor-widget elementor-widget-text-editor\" data-id=\"bceb006\" data-element_type=\"widget\" data-e-type=\"widget\" data-widget_type=\"text-editor.default\">\n\t\t\t\t<div class=\"elementor-widget-container\">\n\t\t\t\t\t\t\t\t\t<p>O gestor da praia controla atrav\u00e9s desta aplica\u00e7\u00e3o todo o funcionamento do seu neg\u00f3cio, incluindo o controlo de vendas e a fatura\u00e7\u00e3o adaptada ao Verifactu. <\/p><p>Por um lado, configuramos o nosso modo de trabalho. Podemos controlar cada um dos setores da praia com os quais vamos operar, atribuir funcion\u00e1rios a esses setores e definir quais terminais ou dispositivos ser\u00e3o utilizados. Tamb\u00e9m definimos que artigos ser\u00e3o alugados, pre\u00e7os, etc.  <\/p><p>Uma vez configurado e j\u00e1 em funcionamento, podemos ver em tempo real a evolu\u00e7\u00e3o do nosso neg\u00f3cio: vendas realizadas, estado das praias e estat\u00edsticas.<\/p>\t\t\t\t\t\t\t\t<\/div>\n\t\t\t\t<\/div>\n\t\t\t\t\t<\/div>\n\t\t\t\t<\/div>\n\t\t\t\t<\/div>\n\t\t","protected":false},"excerpt":{"rendered":"<p>O nosso produto. A melhor solu\u00e7\u00e3o para a gest\u00e3o de praias O nosso software de gest\u00e3o de praias consiste em duas aplica\u00e7\u00f5es distintas, adaptadas \u00e0 normativa fiscal em vigor e preparadas para o Verifactu: Uma aplica\u00e7\u00e3o m\u00f3vel para o trabalho na praia por colecionadores ou controladores dos seus produtos para aluguer ou venda (espregui\u00e7adeiras, guarda-s\u00f3is, [&hellip;]<\/p>\n","protected":false},"author":1,"featured_media":0,"parent":0,"menu_order":0,"comment_status":"closed","ping_status":"closed","template":"","meta":{"ocean_post_layout":"","ocean_both_sidebars_style":"","ocean_both_sidebars_content_width":0,"ocean_both_sidebars_sidebars_width":0,"ocean_sidebar":"","ocean_second_sidebar":"","ocean_disable_margins":"enable","ocean_add_body_class":"","ocean_shortcode_before_top_bar":"","ocean_shortcode_after_top_bar":"","ocean_shortcode_before_header":"","ocean_shortcode_after_header":"","ocean_has_shortcode":"","ocean_shortcode_after_title":"","ocean_shortcode_before_footer_widgets":"","ocean_shortcode_after_footer_widgets":"","ocean_shortcode_before_footer_bottom":"","ocean_shortcode_after_footer_bottom":"","ocean_display_top_bar":"default","ocean_display_header":"default","ocean_header_style":"","ocean_center_header_left_menu":"","ocean_custom_header_template":"","ocean_custom_logo":0,"ocean_custom_retina_logo":0,"ocean_custom_logo_max_width":0,"ocean_custom_logo_tablet_max_width":0,"ocean_custom_logo_mobile_max_width":0,"ocean_custom_logo_max_height":0,"ocean_custom_logo_tablet_max_height":0,"ocean_custom_logo_mobile_max_height":0,"ocean_header_custom_menu":"","ocean_menu_typo_font_family":"","ocean_menu_typo_font_subset":"","ocean_menu_typo_font_size":0,"ocean_menu_typo_font_size_tablet":0,"ocean_menu_typo_font_size_mobile":0,"ocean_menu_typo_font_size_unit":"px","ocean_menu_typo_font_weight":"","ocean_menu_typo_font_weight_tablet":"","ocean_menu_typo_font_weight_mobile":"","ocean_menu_typo_transform":"","ocean_menu_typo_transform_tablet":"","ocean_menu_typo_transform_mobile":"","ocean_menu_typo_line_height":0,"ocean_menu_typo_line_height_tablet":0,"ocean_menu_typo_line_height_mobile":0,"ocean_menu_typo_line_height_unit":"","ocean_menu_typo_spacing":0,"ocean_menu_typo_spacing_tablet":0,"ocean_menu_typo_spacing_mobile":0,"ocean_menu_typo_spacing_unit":"","ocean_menu_link_color":"","ocean_menu_link_color_hover":"","ocean_menu_link_color_active":"","ocean_menu_link_background":"","ocean_menu_link_hover_background":"","ocean_menu_link_active_background":"","ocean_menu_social_links_bg":"","ocean_menu_social_hover_links_bg":"","ocean_menu_social_links_color":"","ocean_menu_social_hover_links_color":"","ocean_disable_title":"default","ocean_disable_heading":"default","ocean_post_title":"","ocean_post_subheading":"","ocean_post_title_style":"","ocean_post_title_background_color":"","ocean_post_title_background":0,"ocean_post_title_bg_image_position":"","ocean_post_title_bg_image_attachment":"","ocean_post_title_bg_image_repeat":"","ocean_post_title_bg_image_size":"","ocean_post_title_height":0,"ocean_post_title_bg_overlay":0.5,"ocean_post_title_bg_overlay_color":"","ocean_disable_breadcrumbs":"default","ocean_breadcrumbs_color":"","ocean_breadcrumbs_separator_color":"","ocean_breadcrumbs_links_color":"","ocean_breadcrumbs_links_hover_color":"","ocean_display_footer_widgets":"default","ocean_display_footer_bottom":"default","ocean_custom_footer_template":"","footnotes":""},"class_list":["post-4031","page","type-page","status-publish","hentry","entry"],"_links":{"self":[{"href":"https:\/\/www.tpvbeach.com\/pt-pt\/wp-json\/wp\/v2\/pages\/4031","targetHints":{"allow":["GET"]}}],"collection":[{"href":"https:\/\/www.tpvbeach.com\/pt-pt\/wp-json\/wp\/v2\/pages"}],"about":[{"href":"https:\/\/www.tpvbeach.com\/pt-pt\/wp-json\/wp\/v2\/types\/page"}],"author":[{"embeddable":true,"href":"https:\/\/www.tpvbeach.com\/pt-pt\/wp-json\/wp\/v2\/users\/1"}],"replies":[{"embeddable":true,"href":"https:\/\/www.tpvbeach.com\/pt-pt\/wp-json\/wp\/v2\/comments?post=4031"}],"version-history":[{"count":3,"href":"https:\/\/www.tpvbeach.com\/pt-pt\/wp-json\/wp\/v2\/pages\/4031\/revisions"}],"predecessor-version":[{"id":4293,"href":"https:\/\/www.tpvbeach.com\/pt-pt\/wp-json\/wp\/v2\/pages\/4031\/revisions\/4293"}],"wp:attachment":[{"href":"https:\/\/www.tpvbeach.com\/pt-pt\/wp-json\/wp\/v2\/media?parent=4031"}],"curies":[{"name":"wp","href":"https:\/\/api.w.org\/{rel}","templated":true}]}}